{"id":911,"date":"2016-10-03T23:22:53","date_gmt":"2016-10-03T23:22:53","guid":{"rendered":"http:\/\/ilovethesea.es\/es\/pro-guide\/"},"modified":"2018-03-07T22:02:15","modified_gmt":"2018-03-07T22:02:15","slug":"padi-vr-scuba-planner","status":"publish","type":"page","link":"https:\/\/ilovethesea.es\/es\/padi-vr-scuba-planner\/","title":{"rendered":"PADI VR"},"content":{"rendered":"<p>[vc_row row_type=&#8221;row&#8221; use_row_as_full_screen_section=&#8221;no&#8221; type=&#8221;full_width&#8221; text_align=&#8221;left&#8221; css_animation=&#8221;&#8221; el_class=&#8221;interior-header-menu&#8221;][vc_column][vc_empty_space height=&#8221;105px&#8221; el_class=&#8221;interior-header-space&#8221;][\/vc_column][\/vc_row][vc_row row_type=&#8221;parallax&#8221; text_align=&#8221;center&#8221; background_image=&#8221;823&#8243; full_screen_section_height=&#8221;no&#8221; el_class=&#8221;interior-header&#8221; el_id=&#8221;interior-header&#8221;][vc_column css=&#8221;.vc_custom_1475508309815{margin-top: 94px !important;margin-bottom: 94px !important;}&#8221;][vc_single_image image=&#8221;1421&#8243; img_size=&#8221;full&#8221; alignment=&#8221;center&#8221; qode_css_animation=&#8221;&#8221;][vc_empty_space height=&#8221;21px&#8221;][vc_column_text]<\/p>\n<h1><span style=\"color: #ffffff;\">PADI VR Scuba Planner<\/span><\/h1>\n<p>[\/vc_column_text][\/vc_column][\/vc_row][vc_row row_type=&#8221;row&#8221; use_row_as_full_screen_section=&#8221;no&#8221; type=&#8221;grid&#8221; text_align=&#8221;center&#8221; background_color=&#8221;#e9e9e8&#8243; css_animation=&#8221;&#8221; el_class=&#8221;interior-text-apps&#8221;][vc_column width=&#8221;5\/6&#8243; offset=&#8221;vc_col-sm-offset-1&#8243; css=&#8221;.vc_custom_1475522218770{margin-top: 145px !important;margin-bottom: 69px !important;}&#8221;][vc_column_text]<\/p>\n<h2><span style=\"color: #4b4a4a;\">La gu\u00eda definitiva de buceo para el buceador mas exigente.<\/span><\/h2>\n<p>[\/vc_column_text][vc_empty_space height=&#8221;26px&#8221;][vc_column_text]<span style=\"color: #4b4a4a;\">En esta App encontrar\u00e1s los contenidos de la &#8220;View &amp; Plan&#8221; reforzados entre otros con 335 fotografias normales, 130 nuevos panoramas, posibilidad de recorrer en v\u00eddeo 360 cada una de las 67 inmersiones, y un sinf\u00edn de posibilidades m\u00e1s.<\/span>[\/vc_column_text][vc_empty_space height=&#8221;50px&#8221;][vc_column_text]<\/p>\n<h6><span style=\"color: #4b4a4a;\">Disponible actualmente en:<\/span><\/h6>\n<p>[\/vc_column_text][vc_empty_space height=&#8221;42px&#8221;]<div class='image_hover ' style='' data-transition-delay=''><div class='images_holder'><a href='https:\/\/itunes.apple.com\/es\/app\/padi-vr-scuba-planner\/id1161220591?l=en&amp;mt=8' target='_blank'><img class='active_image ' src='https:\/\/ilovethesea.es\/wp-content\/uploads\/2016\/10\/apple_1.png' alt='' style='' \/><img class='hover_image' src='https:\/\/ilovethesea.es\/wp-content\/uploads\/2016\/10\/apple_2.png' alt='' style='' \/><\/a><\/div><\/div><div class='image_hover ' style='' data-transition-delay=''><div class='images_holder'><a href='https:\/\/play.google.com\/store\/apps\/details?id=es.ilovethesea.redsea.payout' target='_blank'><img class='active_image ' src='https:\/\/ilovethesea.es\/wp-content\/uploads\/2016\/10\/google_1.png' alt='' style='' \/><img class='hover_image' src='https:\/\/ilovethesea.es\/wp-content\/uploads\/2016\/10\/google_2.png' alt='' style='' \/><\/a><\/div><\/div>[\/vc_column][\/vc_row][vc_row row_type=&#8221;row&#8221; use_row_as_full_screen_section=&#8221;no&#8221; type=&#8221;grid&#8221; text_align=&#8221;center&#8221; background_color=&#8221;#e9e9e8&#8243; css_animation=&#8221;&#8221; el_class=&#8221;interior-iphone&#8221;][vc_column width=&#8221;3\/4&#8243; css=&#8221;.vc_custom_1475522143994{margin-top: 0px !important;margin-bottom: 0px !important;}&#8221; offset=&#8221;vc_col-sm-offset-0&#8243;][vc_video link=&#8221;https:\/\/youtu.be\/1WlWGaokXAE&#8221; align=&#8221;center&#8221;][\/vc_column][\/vc_row][vc_row row_type=&#8221;row&#8221; use_row_as_full_screen_section=&#8221;no&#8221; type=&#8221;grid&#8221; text_align=&#8221;center&#8221; background_color=&#8221;#e9e9e8&#8243; css_animation=&#8221;&#8221; el_class=&#8221;comparison&#8221;][vc_column width=&#8221;5\/6&#8243; offset=&#8221;vc_col-sm-offset-1&#8243; css=&#8221;.vc_custom_1475845358728{margin-top: 76px !important;margin-bottom: 150px !important;}&#8221;][vc_column_text]<\/p>\n<h2>COMPARATIVA<\/h2>\n<h3><strong>PADI VR Scuba Planner<\/strong> es la gu\u00eda definitiva para los<br \/>\nbuceadores m\u00e1s exigentes<\/h3>\n<p>[\/vc_column_text][vc_single_image image=&#8221;1402&#8243; img_size=&#8221;full&#8221; qode_css_animation=&#8221;&#8221;][\/vc_column][\/vc_row][vc_row row_type=&#8221;row&#8221; use_row_as_full_screen_section=&#8221;no&#8221; type=&#8221;full_width&#8221; text_align=&#8221;left&#8221; css_animation=&#8221;&#8221; el_class=&#8221;interior-slider&#8221;][vc_column][vc_gallery interval=&#8221;3&#8243; images=&#8221;609,607,605,603,601&#8243; img_size=&#8221;full&#8221; onclick=&#8221;&#8221;][\/vc_column][\/vc_row][vc_row row_type=&#8221;parallax&#8221; text_align=&#8221;center&#8221; background_image=&#8221;619&#8243; full_screen_section_height=&#8221;no&#8221; el_id=&#8221;interior-download-app&#8221;][vc_column css=&#8221;.vc_custom_1475523593048{margin-top: 134px !important;margin-bottom: 121px !important;}&#8221;][vc_single_image image=&#8221;1133&#8243; img_size=&#8221;full&#8221; alignment=&#8221;center&#8221; qode_css_animation=&#8221;&#8221;][vc_empty_space height=&#8221;20px&#8221;][vc_column_text]<\/p>\n<h2><span style=\"color: #ffffff;\">Disponible en:<\/span><\/h2>\n<p>[\/vc_column_text][vc_empty_space height=&#8221;42px&#8221;]<div class='image_hover ' style='' data-transition-delay=''><div class='images_holder'><a href='https:\/\/itunes.apple.com\/es\/app\/padi-vr-scuba-planner\/id1161220591?l=en&amp;mt=8' target='_blank'><img class='' src='https:\/\/ilovethesea.es\/wp-content\/uploads\/2016\/10\/apple_blanco.png' alt='' style='' \/><img class='hover_image' src='' alt='' style='' \/><\/a><\/div><\/div><div class='image_hover ' style='' data-transition-delay=''><div class='images_holder'><a href='https:\/\/play.google.com\/store\/apps\/details?id=es.ilovethesea.redsea.payout' target='_blank'><img class='' src='https:\/\/ilovethesea.es\/wp-content\/uploads\/2016\/10\/google_blanco.png' alt='' style='' \/><img class='hover_image' src='' alt='' style='' \/><\/a><\/div><\/div>[\/vc_column][\/vc_row][vc_row row_type=&#8221;parallax&#8221; text_align=&#8221;center&#8221; background_image=&#8221;621&#8243; full_screen_section_height=&#8221;no&#8221; section_height=&#8221;540&#8243; el_class=&#8221;interior-parallax&#8221;][vc_column][\/vc_column][\/vc_row]<\/p>\n","protected":false},"excerpt":{"rendered":"<p>[vc_row row_type=&#8221;row&#8221; use_row_as_full_screen_section=&#8221;no&#8221; type=&#8221;full_width&#8221; text_align=&#8221;left&#8221; css_animation=&#8221;&#8221; el_class=&#8221;interior-header-menu&#8221;][vc_column][vc_empty_space height=&#8221;105px&#8221; el_class=&#8221;interior-header-space&#8221;][\/vc_column][\/vc_row][vc_row row_type=&#8221;parallax&#8221; text_align=&#8221;center&#8221; background_image=&#8221;823&#8243; full_screen_section_height=&#8221;no&#8221; el_class=&#8221;interior-header&#8221; el_id=&#8221;interior-header&#8221;][vc_column css=&#8221;.vc_custom_1475508309815{margin-top: 94px !important;margin-bottom: 94px !important;}&#8221;][vc_single_image image=&#8221;1421&#8243; img_size=&#8221;full&#8221; alignment=&#8221;center&#8221; qode_css_animation=&#8221;&#8221;][vc_empty_space height=&#8221;21px&#8221;][vc_column_text] PADI VR Scuba Planner [\/vc_column_text][\/vc_column][\/vc_row][vc_row row_type=&#8221;row&#8221; use_row_as_full_screen_section=&#8221;no&#8221; type=&#8221;grid&#8221; text_align=&#8221;center&#8221; background_color=&#8221;#e9e9e8&#8243; css_animation=&#8221;&#8221; el_class=&#8221;interior-text-apps&#8221;][vc_column width=&#8221;5\/6&#8243; offset=&#8221;vc_col-sm-offset-1&#8243; css=&#8221;.vc_custom_1475522218770{margin-top: 145px !important;margin-bottom: 69px !important;}&#8221;][vc_column_text] La&#8230;<\/p>\n","protected":false},"author":4,"featured_media":0,"parent":0,"menu_order":0,"comment_status":"closed","ping_status":"closed","template":"full_width.php","meta":{"footnotes":""},"_links":{"self":[{"href":"https:\/\/ilovethesea.es\/es\/wp-json\/wp\/v2\/pages\/911"}],"collection":[{"href":"https:\/\/ilovethesea.es\/es\/wp-json\/wp\/v2\/pages"}],"about":[{"href":"https:\/\/ilovethesea.es\/es\/wp-json\/wp\/v2\/types\/page"}],"author":[{"embeddable":true,"href":"https:\/\/ilovethesea.es\/es\/wp-json\/wp\/v2\/users\/4"}],"replies":[{"embeddable":true,"href":"https:\/\/ilovethesea.es\/es\/wp-json\/wp\/v2\/comments?post=911"}],"version-history":[{"count":23,"href":"https:\/\/ilovethesea.es\/es\/wp-json\/wp\/v2\/pages\/911\/revisions"}],"predecessor-version":[{"id":1430,"href":"https:\/\/ilovethesea.es\/es\/wp-json\/wp\/v2\/pages\/911\/revisions\/1430"}],"wp:attachment":[{"href":"https:\/\/ilovethesea.es\/es\/wp-json\/wp\/v2\/media?parent=911"}],"curies":[{"name":"wp","href":"https:\/\/api.w.org\/{rel}","templated":true}]}}