{"id":906,"date":"2016-03-15T09:53:09","date_gmt":"2016-03-15T09:53:09","guid":{"rendered":"http:\/\/ilovethesea.es\/es\/app-landing\/"},"modified":"2018-04-02T19:54:44","modified_gmt":"2018-04-02T19:54:44","slug":"home","status":"publish","type":"page","link":"https:\/\/ilovethesea.es\/es\/","title":{"rendered":"Home"},"content":{"rendered":"<p>[vc_row row_type=&#8221;row&#8221; use_row_as_full_screen_section=&#8221;no&#8221; type=&#8221;grid&#8221; anchor=&#8221;features&#8221; text_align=&#8221;center&#8221; background_color=&#8221;#dd3333&#8243; padding_bottom=&#8221;10&#8243; css_animation=&#8221;element_from_fade&#8221; transition_delay=&#8221;300&#8243; css=&#8221;.vc_custom_1475435085595{padding-top: 75px !important;padding-bottom: 90px !important;background-color: #e9e9e8 !important;}&#8221; el_id=&#8221;home-apps&#8221;][vc_column][vc_column_text]<\/p>\n<h1>the must of the sea &#8211; Mar Rojo<\/h1>\n<p>[\/vc_column_text][vc_column_text]<\/p>\n<h2>Descubre las apps de nuestro primer destino<\/h2>\n<p>[\/vc_column_text][vc_empty_space height=&#8221;82px&#8221; el_class=&#8221;special-empty-space&#8221;][\/vc_column][vc_column offset=&#8221;vc_col-lg-3 vc_col-md-6&#8243;][vc_row_inner row_type=&#8221;row&#8221; type=&#8221;full_width&#8221; use_row_as_full_screen_section_slide=&#8221;no&#8221; text_align=&#8221;center&#8221; css_animation=&#8221;element_from_bottom&#8221; transition_delay=&#8221;0&#8243;][vc_column_inner][vc_single_image image=&#8221;1226&#8243; img_size=&#8221;full&#8221; alignment=&#8221;center&#8221; onclick=&#8221;custom_link&#8221; qode_css_animation=&#8221;&#8221; link=&#8221;http:\/\/ilovethesea.es\/es\/feel\/&#8221;][vc_empty_space height=&#8221;24px&#8221;][vc_column_text]<\/p>\n<h3><a href=\"https:\/\/ilovethesea.es\/es\/feel\/\">FEEL<\/a><\/h3>\n<p>[\/vc_column_text][vc_separator type=&#8221;normal&#8221; color=&#8221;#4b4a4a&#8221; border_style=&#8221;&#8221;][vc_column_text el_class=&#8221;app-description&#8221;]Sum\u00e9rgete sin mojarte a trav\u00e9s de documentales 360 VR para conocer los secretos de la fauna, corales y pecios.[\/vc_column_text][vc_empty_space height=&#8221;24px&#8221;]<a href=\"http:\/\/ilovethesea.es\/es\/feel\/\" target=\"_self\" data-hover-background-color=#4b4a4a data-hover-border-color=#4b4a4a data-hover-color=#ffffff class=\"qbutton  small\" style=\"color: #4b4a4a; border-color: #4b4a4a; background-color: rgba(0,0,0,0.01);\">VER &gt;<\/a>[\/vc_column_inner][\/vc_row_inner][vc_empty_space height=&#8221;40px&#8221;][\/vc_column][vc_column offset=&#8221;vc_col-lg-3 vc_col-md-6&#8243;][vc_row_inner row_type=&#8221;row&#8221; type=&#8221;full_width&#8221; use_row_as_full_screen_section_slide=&#8221;no&#8221; text_align=&#8221;center&#8221; css_animation=&#8221;element_from_bottom&#8221; transition_delay=&#8221;150&#8243;][vc_column_inner][vc_single_image image=&#8221;1288&#8243; img_size=&#8221;full&#8221; alignment=&#8221;center&#8221; onclick=&#8221;custom_link&#8221; qode_css_animation=&#8221;&#8221; link=&#8221;http:\/\/ilovethesea.es\/es\/view-and-plan\/&#8221;][vc_empty_space height=&#8221;24px&#8221;][vc_column_text]<\/p>\n<h3><a href=\"https:\/\/ilovethesea.es\/es\/view-and-plan\/\">VIEW &amp; PLAN<\/a><\/h3>\n<p>[\/vc_column_text][vc_separator type=&#8221;normal&#8221; color=&#8221;#4b4a4a&#8221; border_style=&#8221;&#8221;][vc_column_text el_class=&#8221;app-description&#8221;]Descubre los fondos marinos a trav\u00e9s de una selecci\u00f3n de fotograf\u00edas de alta calidad 360\u00ba para vivir una experiencia \u00fanica VR.[\/vc_column_text][vc_empty_space height=&#8221;24px&#8221;]<a href=\"http:\/\/ilovethesea.es\/es\/view-and-plan\/\" target=\"_self\" data-hover-background-color=#4b4a4a data-hover-border-color=#4b4a4a data-hover-color=#ffffff class=\"qbutton  small\" style=\"color: #4b4a4a; border-color: #4b4a4a; background-color: rgba(0,0,0,0.01);\">VER &gt;<\/a>[\/vc_column_inner][\/vc_row_inner][vc_empty_space height=&#8221;40px&#8221;][\/vc_column][vc_column offset=&#8221;vc_col-lg-3 vc_col-md-6&#8243;][vc_row_inner row_type=&#8221;row&#8221; type=&#8221;full_width&#8221; use_row_as_full_screen_section_slide=&#8221;no&#8221; text_align=&#8221;center&#8221; css_animation=&#8221;element_from_bottom&#8221; transition_delay=&#8221;300&#8243;][vc_column_inner][vc_single_image image=&#8221;1421&#8243; img_size=&#8221;full&#8221; alignment=&#8221;center&#8221; onclick=&#8221;custom_link&#8221; qode_css_animation=&#8221;&#8221; link=&#8221;http:\/\/ilovethesea.es\/es\/padi-vr-scuba-planner\/&#8221;][vc_empty_space height=&#8221;24px&#8221;][vc_column_text]<\/p>\n<h3><strong>PADI VR<\/strong><\/h3>\n<p>[\/vc_column_text][vc_separator type=&#8221;normal&#8221; color=&#8221;#4b4a4a&#8221; border_style=&#8221;&#8221;][vc_column_text el_class=&#8221;app-description&#8221;]La herramienta definitiva para preparar tu inmersi\u00f3n: detalle de las rutas, geolocalizaci\u00f3n, mapas\u2026\u00a0todo en VR 360\u00ba.[\/vc_column_text][vc_empty_space height=&#8221;24px&#8221;]<a href=\"http:\/\/ilovethesea.es\/es\/padi-vr-scuba-planner\/\" target=\"_self\" data-hover-background-color=#4b4a4a data-hover-border-color=#4b4a4a data-hover-color=#ffffff class=\"qbutton  small\" style=\"color: #4b4a4a; border-color: #4b4a4a; background-color: rgba(0,0,0,0.01);\">VER &gt;<\/a>[\/vc_column_inner][\/vc_row_inner][vc_empty_space height=&#8221;40px&#8221;][\/vc_column][vc_column offset=&#8221;vc_col-lg-3 vc_col-md-6&#8243;][vc_row_inner row_type=&#8221;row&#8221; type=&#8221;full_width&#8221; use_row_as_full_screen_section_slide=&#8221;no&#8221; text_align=&#8221;center&#8221; css_animation=&#8221;element_from_bottom&#8221; transition_delay=&#8221;450&#8243;][vc_column_inner][vc_single_image image=&#8221;1112&#8243; img_size=&#8221;full&#8221; alignment=&#8221;center&#8221; onclick=&#8221;custom_link&#8221; qode_css_animation=&#8221;&#8221; link=&#8221;http:\/\/ilovethesea.es\/es\/book\/&#8221;][vc_empty_space height=&#8221;24px&#8221;][vc_column_text]<\/p>\n<h3><a href=\"https:\/\/ilovethesea.es\/es\/book\/\">ESSENTIAL BOOK<\/a><\/h3>\n<p>[\/vc_column_text][vc_separator type=&#8221;normal&#8221; color=&#8221;#4b4a4a&#8221; border_style=&#8221;&#8221;][vc_column_text el_class=&#8221;app-description&#8221;]La edici\u00f3n impresa de lujo con fotograf\u00edas, vivencias y sensaciones de cada uno de los destinos. Solo para los apasionados\u00a0del Mar.[\/vc_column_text][vc_empty_space height=&#8221;24px&#8221;]<a href=\"http:\/\/ilovethesea.es\/es\/book\/\" target=\"_self\" data-hover-background-color=#4b4a4a data-hover-border-color=#4b4a4a data-hover-color=#ffffff class=\"qbutton  small\" style=\"color: #4b4a4a; border-color: #4b4a4a; background-color: rgba(0,0,0,0.01);\">VER &gt;<\/a>[\/vc_column_inner][\/vc_row_inner][vc_empty_space height=&#8221;40px&#8221; el_class=&#8221;special-empty-space2&#8243;][\/vc_column][\/vc_row][vc_row row_type=&#8221;parallax&#8221; text_align=&#8221;center&#8221; background_image=&#8221;337&#8243; full_screen_section_height=&#8221;no&#8221; el_id=&#8221;home-stores&#8221;][vc_column offset=&#8221;vc_col-lg-offset-0 vc_col-md-offset-0 vc_col-sm-offset-0&#8243; css=&#8221;.vc_custom_1475450729684{margin-top: 196px !important;margin-bottom: 196px !important;}&#8221;]<div class=\"custom_font_holder\" style=\" font-size: 36px; line-height: 36px; font-style: normal; font-weight: 300; color: #ffffff; text-decoration: none; text-align: center;\"><span><\/p>\n<h2><span style=\"color: #ffffff;\">Aplicaciones disponibles en:<\/span><\/h2>\n<p><\/span><\/div>[vc_empty_space height=&#8221;42px&#8221;]<div class='image_hover ' style='' data-transition-delay=''><div class='images_holder'><a href='https:\/\/itunes.apple.com\/es\/app\/padi-vr-scuba-planner\/id1161220591?mt=8' target='_blank'><img class='' src='https:\/\/ilovethesea.es\/wp-content\/uploads\/2016\/10\/apple_blanco.png' alt='' style='' \/><img class='hover_image' src='' alt='' style='' \/><\/a><\/div><\/div><div class='image_hover ' style='' data-transition-delay=''><div class='images_holder'><a href='https:\/\/play.google.com\/store\/apps\/details?id=es.ilovethesea.redsea.payout' target='_blank'><img class='' src='https:\/\/ilovethesea.es\/wp-content\/uploads\/2016\/10\/google_blanco.png' alt='' style='' \/><img class='hover_image' src='' alt='' style='' \/><\/a><\/div><\/div><div class='image_hover ' style='' data-transition-delay=''><div class='images_holder'><img class='' src='https:\/\/ilovethesea.es\/wp-content\/uploads\/2016\/10\/oculus_blanco.png' alt='' style='' \/><img class='hover_image' src='' alt='' style='' \/><\/div><\/div>[\/vc_column][\/vc_row][vc_row row_type=&#8221;row&#8221; use_row_as_full_screen_section=&#8221;no&#8221; type=&#8221;grid&#8221; text_align=&#8221;center&#8221; background_color=&#8221;#5ba9e1&#8243; css_animation=&#8221;element_from_fade&#8221; css=&#8221;.vc_custom_1475436638040{padding-top: 86px !important;padding-bottom: 100px !important;}&#8221; el_id=&#8221;home-discover&#8221;][vc_column]<div class=\"custom_font_holder\" style=\" font-size: 36px; line-height: 36px; font-style: normal; font-weight: 300; color: #ffffff; text-decoration: none; text-align: center;\"><span><\/p>\n<h2><span style=\"color: #ffffff;\">LUGARES PARA DESCUBRIR<\/span><\/h2>\n<p><\/span><\/div>[vc_empty_space height=&#8221;62px&#8221; el_class=&#8221;home-discover-empty-space&#8221;][\/vc_column][vc_column width=&#8221;3\/4&#8243; el_class=&#8221;home-map&#8221;][vc_row_inner row_type=&#8221;row&#8221; type=&#8221;full_width&#8221; use_row_as_full_screen_section_slide=&#8221;no&#8221; text_align=&#8221;left&#8221; css_animation=&#8221;element_from_fade&#8221; transition_delay=&#8221;500&#8243;][vc_column_inner]<div class='image_hover ' style='' data-transition-delay=''><div class='images_holder'><img class='' src='https:\/\/ilovethesea.es\/wp-content\/uploads\/2016\/03\/img_video_home-1.png' alt='' style='' \/><img class='hover_image' src='' alt='' style='' \/><\/div><\/div>[vc_column_text]<\/p>\n<div class=\"wpb_video_widget wpb_content_element vc_clearfix vc_video-aspect-ratio-169 vc_video-el-width-100 vc_video-align-center\">\n<div class=\"wpb_wrapper\">\n<div class=\"wpb_video_wrapper\"><iframe loading=\"lazy\" class=\"videoIframe js-videoIframe\" src=\"\" width=\"300\" height=\"150\" frameborder=\"0\" allowfullscreen=\"allowfullscreen\" data-src=\"https:\/\/www.youtube.com\/embed\/ZbWTb2k6R6Q?autoplay=1&amp;feature=oembed\"><\/iframe><\/div>\n<\/div>\n<\/div>\n<p>[\/vc_column_text][\/vc_column_inner][\/vc_row_inner][\/vc_column][vc_column width=&#8221;1\/4&#8243; el_class=&#8221;home-map-list&#8221;][vc_row_inner row_type=&#8221;row&#8221; type=&#8221;full_width&#8221; use_row_as_full_screen_section_slide=&#8221;no&#8221; text_align=&#8221;left&#8221; css_animation=&#8221;element_from_bottom&#8221; transition_delay=&#8221;500&#8243;][vc_column_inner]<div class=\"custom_font_holder\" style=\" font-style: normal; font-weight: 300; color: #ffffff; text-decoration: none; text-align: center;\"><span><span style=\"color: #ffffff;\">DISPONIBLES<\/span><\/span><\/div><div class='q_list circle'><\/p>\n<ul>\n<li><span style=\"color: #ffffff;\">Red Sea<\/span><\/li>\n<\/ul>\n<p><\/div><div class=\"custom_font_holder\" style=\" font-style: normal; font-weight: 300; color: #ffffff; text-decoration: none; text-align: center;\"><span><span style=\"color: #ffffff;\">PR\u00d3XIMAMENTE<\/span><\/span><\/div><div class='q_list circle'><\/p>\n<ul>\n<li><span style=\"color: #ffffff;\">Bahamas<\/span><\/li>\n<li><span style=\"color: #ffffff;\">Maldivas<\/span><\/li>\n<li><span style=\"color: #ffffff;\">Queensland<\/span><\/li>\n<li><span style=\"color: #ffffff;\">Galapagos<\/span><\/li>\n<li><span style=\"color: #ffffff;\">Cuba<\/span><\/li>\n<li><span style=\"color: #ffffff;\">Cozumel<\/span><\/li>\n<li><span style=\"color: #ffffff;\">Rivera Maya<\/span><\/li>\n<li><span style=\"color: #ffffff;\">Roatan<\/span><\/li>\n<li><span style=\"color: #ffffff;\">Bora Bora<\/span><\/li>\n<li><span style=\"color: #ffffff;\">Koh Tao<\/span><\/li>\n<\/ul>\n<p><\/div>[\/vc_column_inner][\/vc_row_inner][\/vc_column][\/vc_row][vc_row row_type=&#8221;parallax&#8221; anchor=&#8221;subscribe&#8221; text_align=&#8221;center&#8221; background_image=&#8221;347&#8243; full_screen_section_height=&#8221;no&#8221; el_id=&#8221;home-subscribe&#8221;][vc_column offset=&#8221;vc_col-lg-offset-0 vc_col-md-offset-0 vc_col-sm-offset-0&#8243; css=&#8221;.vc_custom_1475450745873{margin-top: 149px !important;margin-bottom: 149px !important;}&#8221;]<div class=\"custom_font_holder\" style=\" font-style: normal; font-weight: 300; color: #ffffff; text-decoration: none; text-align: center;\"><span><\/p>\n<h2><span style=\"color: #ffffff;\">SUSCR\u00cdBETE<\/span><\/h2>\n<p><\/span><\/div><div class=\"custom_font_holder\" style=\" font-style: normal; font-weight: 300; color: #ffffff; text-decoration: none; text-align: center;\"><span><\/p>\n<h2><span style=\"color: #ffffff;\">Te avisaremos cuando est\u00e9n los nuevos destinos disponibles<\/span><\/h2>\n<p><\/span><\/div>[vc_empty_space height=&#8221;60px&#8221; el_class=&#8221;home-subscribe-special-empty-space&#8221;]<div role=\"form\" class=\"wpcf7\" id=\"wpcf7-f306-o1\" lang=\"en-US\" dir=\"ltr\">\n<div class=\"screen-reader-response\"><p role=\"status\" aria-live=\"polite\" aria-atomic=\"true\"><\/p> <ul><\/ul><\/div>\n<form action=\"\/es\/wp-json\/wp\/v2\/pages\/906#wpcf7-f306-o1\" method=\"post\" class=\"wpcf7-form init cf7_custom_style_1\" novalidate=\"novalidate\" data-status=\"init\">\n<div style=\"display: none;\">\n<input type=\"hidden\" name=\"_wpcf7\" value=\"306\" \/>\n<input type=\"hidden\" name=\"_wpcf7_version\" value=\"5.4.1\" \/>\n<input type=\"hidden\" name=\"_wpcf7_locale\" value=\"en_US\" \/>\n<input type=\"hidden\" name=\"_wpcf7_unit_tag\" value=\"wpcf7-f306-o1\" \/>\n<input type=\"hidden\" name=\"_wpcf7_container_post\" value=\"0\" \/>\n<input type=\"hidden\" name=\"_wpcf7_posted_data_hash\" value=\"\" \/>\n<\/div>\n<p><span class=\"wpcf7-form-control-wrap your-email\"><input type=\"email\" name=\"your-email\" value=\"\" size=\"40\" class=\"wpcf7-form-control wpcf7-text wpcf7-email wpcf7-validates-as-required wpcf7-validates-as-email\" aria-required=\"true\" aria-invalid=\"false\" placeholder=\"Introduce tu direcci\u00f3n de e-mail\" \/><\/span><\/p>\n<div class=\"send-div\">\n<p><input type=\"submit\" value=\"Enviar\" class=\"wpcf7-form-control wpcf7-submit\" \/><\/p>\n<\/div>\n<div class=\"wpcf7-response-output\" aria-hidden=\"true\"><\/div><\/form><\/div>[\/vc_column][\/vc_row]<\/p>\n","protected":false},"excerpt":{"rendered":"<p>[vc_row row_type=&#8221;row&#8221; use_row_as_full_screen_section=&#8221;no&#8221; type=&#8221;grid&#8221; anchor=&#8221;features&#8221; text_align=&#8221;center&#8221; background_color=&#8221;#dd3333&#8243; padding_bottom=&#8221;10&#8243; css_animation=&#8221;element_from_fade&#8221; transition_delay=&#8221;300&#8243; css=&#8221;.vc_custom_1475435085595{padding-top: 75px !important;padding-bottom: 90px !important;background-color: #e9e9e8 !important;}&#8221; el_id=&#8221;home-apps&#8221;][vc_column][vc_column_text] the must of the sea &#8211; Mar Rojo [\/vc_column_text][vc_column_text] Descubre las apps de nuestro primer destino [\/vc_column_text][vc_empty_space height=&#8221;82px&#8221; el_class=&#8221;special-empty-space&#8221;][\/vc_column][vc_column offset=&#8221;vc_col-lg-3 vc_col-md-6&#8243;][vc_row_inner row_type=&#8221;row&#8221; type=&#8221;full_width&#8221; use_row_as_full_screen_section_slide=&#8221;no&#8221; text_align=&#8221;center&#8221; css_animation=&#8221;element_from_bottom&#8221; transition_delay=&#8221;0&#8243;][vc_column_inner][vc_single_image&#8230;<\/p>\n","protected":false},"author":4,"featured_media":0,"parent":0,"menu_order":0,"comment_status":"closed","ping_status":"closed","template":"full_width.php","meta":{"footnotes":""},"_links":{"self":[{"href":"https:\/\/ilovethesea.es\/es\/wp-json\/wp\/v2\/pages\/906"}],"collection":[{"href":"https:\/\/ilovethesea.es\/es\/wp-json\/wp\/v2\/pages"}],"about":[{"href":"https:\/\/ilovethesea.es\/es\/wp-json\/wp\/v2\/types\/page"}],"author":[{"embeddable":true,"href":"https:\/\/ilovethesea.es\/es\/wp-json\/wp\/v2\/users\/4"}],"replies":[{"embeddable":true,"href":"https:\/\/ilovethesea.es\/es\/wp-json\/wp\/v2\/comments?post=906"}],"version-history":[{"count":29,"href":"https:\/\/ilovethesea.es\/es\/wp-json\/wp\/v2\/pages\/906\/revisions"}],"predecessor-version":[{"id":1440,"href":"https:\/\/ilovethesea.es\/es\/wp-json\/wp\/v2\/pages\/906\/revisions\/1440"}],"wp:attachment":[{"href":"https:\/\/ilovethesea.es\/es\/wp-json\/wp\/v2\/media?parent=906"}],"curies":[{"name":"wp","href":"https:\/\/api.w.org\/{rel}","templated":true}]}}